{"id":764,"date":"2024-12-05T19:18:17","date_gmt":"2024-12-05T18:18:17","guid":{"rendered":"https:\/\/velasmasroses.com\/?page_id=764"},"modified":"2024-12-05T19:20:14","modified_gmt":"2024-12-05T18:20:14","slug":"accesibilidad","status":"publish","type":"page","link":"https:\/\/velasmasroses.com\/en\/accesibilidad\/","title":{"rendered":"Accessibility"},"content":{"rendered":"<p>At <strong>Mas Roses Handcrafted Candles<\/strong>We are committed to ensuring that our website is accessible to all people, including those with disabilities. We recognize the importance of providing an inclusive online experience and strive to comply with web accessibility best practices.<\/p>\n<h4>Our actions to improve accessibility:<\/h4>\n<ol>\n<li><strong>Compliance with standards<\/strong>This web site follows the guidelines set forth in the <strong>Web Content Accessibility Guidelines (WCAG)<\/strong> 2.1, level AA, developed by the <strong>World Wide Web Consortium (W3C)<\/strong>.<\/li>\n<li><strong>Clear and consistent navigation<\/strong>We implemented an intuitive and user-friendly design, with organized and accessible menus.<\/li>\n<li><strong>Support for assistive technologies<\/strong>Our site is designed to be compatible with screen readers and other assistive devices.<\/li>\n<li><strong>Alternative text<\/strong>All relevant images include alternative descriptions (ALT attributes) to ensure that visually impaired users can access the content.<\/li>\n<li><strong>Colors and contrast<\/strong>We have chosen color combinations with adequate contrast to improve readability.<\/li>\n<li><strong>Keyboard access<\/strong>All the main functions of the site can be navigated and used without the need of a mouse.<\/li>\n<li><strong>Accessible multimedia content<\/strong>Videos or audios that may be present on the site will include subtitles or text descriptions when necessary.<\/li>\n<\/ol>\n<h4>Continuous commitment<\/h4>\n<p>We understand that accessibility is an ongoing process and we are committed to regularly reviewing and updating our site to maintain and improve its accessibility levels.<\/p>\n<h4>Feedback<\/h4>\n<p>If you encounter any accessibility problems or have suggestions for improving our website, please do not hesitate to contact us. We are committed to resolving any issues in a timely manner.<\/p>\n<ul>\n<li><strong>Email<\/strong>: <a rel=\"noopener\">info@velasartesanalesmasroses.es<\/a><\/li>\n<li><strong>Contact Form<\/strong>Available on our website.<\/li>\n<\/ul>\n<p>Thank you for your interest in <strong>Mas Roses Handcrafted Candles<\/strong> and your support to make our platform accessible to all.<\/p>","protected":false},"excerpt":{"rendered":"<p>At Velas Artesanales Mas Roses, we are committed to ensuring that our website is accessible to all people, including those with disabilities. We recognize the importance of providing an inclusive online experience and strive to comply with web accessibility best practices. Our actions to improve accessibility: Standards compliance: This [...]<\/p>","protected":false},"author":1,"featured_media":0,"parent":0,"menu_order":0,"comment_status":"closed","ping_status":"closed","template":"","meta":{"footnotes":""},"class_list":["post-764","page","type-page","status-publish","hentry"],"blocksy_meta":[],"yoast_head":"<!-- This site is optimized with the Yoast SEO plugin v26.5 - https:\/\/yoast.com\/wordpress\/plugins\/seo\/ -->\n<title>Accesibilidad - Mas Roses<\/title>\n<meta name=\"robots\" content=\"index, follow, max-snippet:-1, max-image-preview:large, max-video-preview:-1\" \/>\n<link rel=\"canonical\" href=\"https:\/\/velasmasroses.com\/en\/accesibilidad\/\" \/>\n<meta property=\"og:locale\" content=\"en_US\" \/>\n<meta property=\"og:type\" content=\"article\" \/>\n<meta property=\"og:title\" content=\"Accesibilidad - Mas Roses\" \/>\n<meta property=\"og:description\" content=\"En Velas Artesanales Mas Roses, nos comprometemos a garantizar que nuestro sitio web sea accesible para todas las personas, incluidas aquellas con discapacidades. Reconocemos la importancia de ofrecer una experiencia en l\u00ednea inclusiva y nos esforzamos por cumplir con las mejores pr\u00e1cticas de accesibilidad web. Nuestras acciones para mejorar la accesibilidad: Cumplimiento de est\u00e1ndares: Este [&hellip;]\" \/>\n<meta property=\"og:url\" content=\"https:\/\/velasmasroses.com\/en\/accesibilidad\/\" \/>\n<meta property=\"og:site_name\" content=\"Mas Roses\" \/>\n<meta property=\"article:modified_time\" content=\"2024-12-05T18:20:14+00:00\" \/>\n<meta name=\"twitter:card\" content=\"summary_large_image\" \/>\n<meta name=\"twitter:label1\" content=\"Est. reading time\" \/>\n\t<meta name=\"twitter:data1\" content=\"2 minutes\" \/>\n<script type=\"application\/ld+json\" class=\"yoast-schema-graph\">{\"@context\":\"https:\/\/schema.org\",\"@graph\":[{\"@type\":\"WebPage\",\"@id\":\"https:\/\/velasmasroses.com\/accesibilidad\/\",\"url\":\"https:\/\/velasmasroses.com\/accesibilidad\/\",\"name\":\"Accesibilidad - Mas Roses\",\"isPartOf\":{\"@id\":\"https:\/\/velasmasroses.com\/#website\"},\"datePublished\":\"2024-12-05T18:18:17+00:00\",\"dateModified\":\"2024-12-05T18:20:14+00:00\",\"breadcrumb\":{\"@id\":\"https:\/\/velasmasroses.com\/accesibilidad\/#breadcrumb\"},\"inLanguage\":\"en-US\",\"potentialAction\":[{\"@type\":\"ReadAction\",\"target\":[\"https:\/\/velasmasroses.com\/accesibilidad\/\"]}]},{\"@type\":\"BreadcrumbList\",\"@id\":\"https:\/\/velasmasroses.com\/accesibilidad\/#breadcrumb\",\"itemListElement\":[{\"@type\":\"ListItem\",\"position\":1,\"name\":\"Portada\",\"item\":\"https:\/\/velasmasroses.com\/\"},{\"@type\":\"ListItem\",\"position\":2,\"name\":\"Accesibilidad\"}]},{\"@type\":\"WebSite\",\"@id\":\"https:\/\/velasmasroses.com\/#website\",\"url\":\"https:\/\/velasmasroses.com\/\",\"name\":\"Mas Roses\",\"description\":\"Velas Artesanales\",\"publisher\":{\"@id\":\"https:\/\/velasmasroses.com\/#organization\"},\"potentialAction\":[{\"@type\":\"SearchAction\",\"target\":{\"@type\":\"EntryPoint\",\"urlTemplate\":\"https:\/\/velasmasroses.com\/?s={search_term_string}\"},\"query-input\":{\"@type\":\"PropertyValueSpecification\",\"valueRequired\":true,\"valueName\":\"search_term_string\"}}],\"inLanguage\":\"en-US\"},{\"@type\":\"Organization\",\"@id\":\"https:\/\/velasmasroses.com\/#organization\",\"name\":\"Mas Roses\",\"url\":\"https:\/\/velasmasroses.com\/\",\"logo\":{\"@type\":\"ImageObject\",\"inLanguage\":\"en-US\",\"@id\":\"https:\/\/velasmasroses.com\/#\/schema\/logo\/image\/\",\"url\":\"https:\/\/velasmasroses.com\/wp-content\/uploads\/2024\/12\/logo-masroses.png\",\"contentUrl\":\"https:\/\/velasmasroses.com\/wp-content\/uploads\/2024\/12\/logo-masroses.png\",\"width\":221,\"height\":129,\"caption\":\"Mas Roses\"},\"image\":{\"@id\":\"https:\/\/velasmasroses.com\/#\/schema\/logo\/image\/\"}}]}<\/script>\n<!-- \/ Yoast SEO plugin. -->","yoast_head_json":{"title":"Accessibility - Mas Roses","robots":{"index":"index","follow":"follow","max-snippet":"max-snippet:-1","max-image-preview":"max-image-preview:large","max-video-preview":"max-video-preview:-1"},"canonical":"https:\/\/velasmasroses.com\/en\/accesibilidad\/","og_locale":"en_US","og_type":"article","og_title":"Accesibilidad - Mas Roses","og_description":"En Velas Artesanales Mas Roses, nos comprometemos a garantizar que nuestro sitio web sea accesible para todas las personas, incluidas aquellas con discapacidades. Reconocemos la importancia de ofrecer una experiencia en l\u00ednea inclusiva y nos esforzamos por cumplir con las mejores pr\u00e1cticas de accesibilidad web. Nuestras acciones para mejorar la accesibilidad: Cumplimiento de est\u00e1ndares: Este [&hellip;]","og_url":"https:\/\/velasmasroses.com\/en\/accesibilidad\/","og_site_name":"Mas Roses","article_modified_time":"2024-12-05T18:20:14+00:00","twitter_card":"summary_large_image","twitter_misc":{"Est. reading time":"2 minutes"},"schema":{"@context":"https:\/\/schema.org","@graph":[{"@type":"WebPage","@id":"https:\/\/velasmasroses.com\/accesibilidad\/","url":"https:\/\/velasmasroses.com\/accesibilidad\/","name":"Accessibility - Mas Roses","isPartOf":{"@id":"https:\/\/velasmasroses.com\/#website"},"datePublished":"2024-12-05T18:18:17+00:00","dateModified":"2024-12-05T18:20:14+00:00","breadcrumb":{"@id":"https:\/\/velasmasroses.com\/accesibilidad\/#breadcrumb"},"inLanguage":"en-US","potentialAction":[{"@type":"ReadAction","target":["https:\/\/velasmasroses.com\/accesibilidad\/"]}]},{"@type":"BreadcrumbList","@id":"https:\/\/velasmasroses.com\/accesibilidad\/#breadcrumb","itemListElement":[{"@type":"ListItem","position":1,"name":"Portada","item":"https:\/\/velasmasroses.com\/"},{"@type":"ListItem","position":2,"name":"Accesibilidad"}]},{"@type":"WebSite","@id":"https:\/\/velasmasroses.com\/#website","url":"https:\/\/velasmasroses.com\/","name":"Mas Roses","description":"Handcrafted Candles","publisher":{"@id":"https:\/\/velasmasroses.com\/#organization"},"potentialAction":[{"@type":"SearchAction","target":{"@type":"EntryPoint","urlTemplate":"https:\/\/velasmasroses.com\/?s={search_term_string}"},"query-input":{"@type":"PropertyValueSpecification","valueRequired":true,"valueName":"search_term_string"}}],"inLanguage":"en-US"},{"@type":"Organization","@id":"https:\/\/velasmasroses.com\/#organization","name":"Mas Roses","url":"https:\/\/velasmasroses.com\/","logo":{"@type":"ImageObject","inLanguage":"en-US","@id":"https:\/\/velasmasroses.com\/#\/schema\/logo\/image\/","url":"https:\/\/velasmasroses.com\/wp-content\/uploads\/2024\/12\/logo-masroses.png","contentUrl":"https:\/\/velasmasroses.com\/wp-content\/uploads\/2024\/12\/logo-masroses.png","width":221,"height":129,"caption":"Mas Roses"},"image":{"@id":"https:\/\/velasmasroses.com\/#\/schema\/logo\/image\/"}}]}},"_links":{"self":[{"href":"https:\/\/velasmasroses.com\/en\/wp-json\/wp\/v2\/pages\/764","targetHints":{"allow":["GET"]}}],"collection":[{"href":"https:\/\/velasmasroses.com\/en\/wp-json\/wp\/v2\/pages"}],"about":[{"href":"https:\/\/velasmasroses.com\/en\/wp-json\/wp\/v2\/types\/page"}],"author":[{"embeddable":true,"href":"https:\/\/velasmasroses.com\/en\/wp-json\/wp\/v2\/users\/1"}],"replies":[{"embeddable":true,"href":"https:\/\/velasmasroses.com\/en\/wp-json\/wp\/v2\/comments?post=764"}],"version-history":[{"count":1,"href":"https:\/\/velasmasroses.com\/en\/wp-json\/wp\/v2\/pages\/764\/revisions"}],"predecessor-version":[{"id":765,"href":"https:\/\/velasmasroses.com\/en\/wp-json\/wp\/v2\/pages\/764\/revisions\/765"}],"wp:attachment":[{"href":"https:\/\/velasmasroses.com\/en\/wp-json\/wp\/v2\/media?parent=764"}],"curies":[{"name":"wp","href":"https:\/\/api.w.org\/{rel}","templated":true}]}}