{"id":1728,"date":"2025-08-24T19:15:16","date_gmt":"2025-08-24T17:15:16","guid":{"rendered":"https:\/\/velasmasroses.com\/?post_type=product&#038;p=1728"},"modified":"2025-08-25T10:12:32","modified_gmt":"2025-08-25T08:12:32","slug":"vela-candelabro-salomonico","status":"publish","type":"product","link":"https:\/\/velasmasroses.com\/en\/product\/vela-candelabro-salomonico\/","title":{"rendered":"Candelabra Candle - Solomonic"},"content":{"rendered":"<p>Solomonic spiral candlestick candle.<\/p>\n<p>Two heights to choose from:<\/p>\n<p>30 centimeters high (28 centimeters of sail + 2 centimeters of handle or base).<\/p>\n<p>20 centimeters high (18 centimeters of candle + 2 centimeters of handle or base).<\/p>\n<p>An ideal candle for candelabra, table centerpiece or Christmas decoration.<\/p>\n<p>Available in a wide range of colors.<\/p>","protected":false},"excerpt":{"rendered":"<p>Vela de candelabro en forma espiral salom\u00f3nico. Dos altura a elegir: 30 cent\u00edmetros de altura ( 28 cent\u00edmetros de vela + 2 cent\u00edmetros de manija o base). 20 cent\u00edmetros de altura (18 cent\u00edmetros de vela + 2 cent\u00edmetros de manija o base). Una vela ideal para candelabro, centro de mesa \u00f3 decoraci\u00f3n navide\u00f1a. Disponibles en [&hellip;]<\/p>","protected":false},"featured_media":3380,"template":"","meta":[],"product_brand":[],"product_cat":[42],"product_tag":[],"class_list":{"0":"post-1728","1":"product","2":"type-product","3":"status-publish","4":"has-post-thumbnail","6":"product_cat-candelabros","8":"first","9":"instock","10":"shipping-taxable","11":"purchasable","12":"product-type-variable"},"yoast_head":"<!-- This site is optimized with the Yoast SEO plugin v26.5 - https:\/\/yoast.com\/wordpress\/plugins\/seo\/ -->\n<title>Vela Candelabro - Salom\u00f3nico - Mas Roses<\/title>\n<meta name=\"robots\" content=\"index, follow, max-snippet:-1, max-image-preview:large, max-video-preview:-1\" \/>\n<link rel=\"canonical\" href=\"https:\/\/velasmasroses.com\/en\/product\/vela-candelabro-salomonico\/\" \/>\n<meta property=\"og:locale\" content=\"en_US\" \/>\n<meta property=\"og:type\" content=\"article\" \/>\n<meta property=\"og:title\" content=\"Vela Candelabro - Salom\u00f3nico - Mas Roses\" \/>\n<meta property=\"og:description\" content=\"Vela de candelabro en forma espiral salom\u00f3nico. Dos altura a elegir: 30 cent\u00edmetros de altura ( 28 cent\u00edmetros de vela + 2 cent\u00edmetros de manija o base). 20 cent\u00edmetros de altura (18 cent\u00edmetros de vela + 2 cent\u00edmetros de manija o base). Una vela ideal para candelabro, centro de mesa \u00f3 decoraci\u00f3n navide\u00f1a. Disponibles en [&hellip;]\" \/>\n<meta property=\"og:url\" content=\"https:\/\/velasmasroses.com\/en\/product\/vela-candelabro-salomonico\/\" \/>\n<meta property=\"og:site_name\" content=\"Mas Roses\" \/>\n<meta property=\"article:modified_time\" content=\"2025-08-25T08:12:32+00:00\" \/>\n<meta property=\"og:image\" content=\"https:\/\/velasmasroses.com\/wp-content\/uploads\/2025\/06\/DSC_2770-348x1024.png\" \/>\n\t<meta property=\"og:image:width\" content=\"348\" \/>\n\t<meta property=\"og:image:height\" content=\"1024\" \/>\n\t<meta property=\"og:image:type\" content=\"image\/png\" \/>\n<meta name=\"twitter:card\" content=\"summary_large_image\" \/>\n<meta name=\"twitter:label1\" content=\"Est. reading time\" \/>\n\t<meta name=\"twitter:data1\" content=\"1 minute\" \/>\n<script type=\"application\/ld+json\" class=\"yoast-schema-graph\">{\"@context\":\"https:\/\/schema.org\",\"@graph\":[{\"@type\":\"WebPage\",\"@id\":\"https:\/\/velasmasroses.com\/product\/vela-candelabro-salomonico\/\",\"url\":\"https:\/\/velasmasroses.com\/product\/vela-candelabro-salomonico\/\",\"name\":\"Vela Candelabro - Salom\u00f3nico - Mas Roses\",\"isPartOf\":{\"@id\":\"https:\/\/velasmasroses.com\/#website\"},\"primaryImageOfPage\":{\"@id\":\"https:\/\/velasmasroses.com\/product\/vela-candelabro-salomonico\/#primaryimage\"},\"image\":{\"@id\":\"https:\/\/velasmasroses.com\/product\/vela-candelabro-salomonico\/#primaryimage\"},\"thumbnailUrl\":\"https:\/\/velasmasroses.com\/wp-content\/uploads\/2025\/06\/DSC_2770.png\",\"datePublished\":\"2025-08-24T17:15:16+00:00\",\"dateModified\":\"2025-08-25T08:12:32+00:00\",\"breadcrumb\":{\"@id\":\"https:\/\/velasmasroses.com\/product\/vela-candelabro-salomonico\/#breadcrumb\"},\"inLanguage\":\"en-US\",\"potentialAction\":[{\"@type\":\"ReadAction\",\"target\":[\"https:\/\/velasmasroses.com\/product\/vela-candelabro-salomonico\/\"]}]},{\"@type\":\"ImageObject\",\"inLanguage\":\"en-US\",\"@id\":\"https:\/\/velasmasroses.com\/product\/vela-candelabro-salomonico\/#primaryimage\",\"url\":\"https:\/\/velasmasroses.com\/wp-content\/uploads\/2025\/06\/DSC_2770.png\",\"contentUrl\":\"https:\/\/velasmasroses.com\/wp-content\/uploads\/2025\/06\/DSC_2770.png\",\"width\":845,\"height\":2489},{\"@type\":\"BreadcrumbList\",\"@id\":\"https:\/\/velasmasroses.com\/product\/vela-candelabro-salomonico\/#breadcrumb\",\"itemListElement\":[{\"@type\":\"ListItem\",\"position\":1,\"name\":\"Portada\",\"item\":\"https:\/\/velasmasroses.com\/\"},{\"@type\":\"ListItem\",\"position\":2,\"name\":\"Tienda\",\"item\":\"https:\/\/velasmasroses.com\/tienda\/\"},{\"@type\":\"ListItem\",\"position\":3,\"name\":\"Vela Candelabro &#8211; Salom\u00f3nico\"}]},{\"@type\":\"WebSite\",\"@id\":\"https:\/\/velasmasroses.com\/#website\",\"url\":\"https:\/\/velasmasroses.com\/\",\"name\":\"Mas Roses\",\"description\":\"Velas Artesanales\",\"publisher\":{\"@id\":\"https:\/\/velasmasroses.com\/#organization\"},\"potentialAction\":[{\"@type\":\"SearchAction\",\"target\":{\"@type\":\"EntryPoint\",\"urlTemplate\":\"https:\/\/velasmasroses.com\/?s={search_term_string}\"},\"query-input\":{\"@type\":\"PropertyValueSpecification\",\"valueRequired\":true,\"valueName\":\"search_term_string\"}}],\"inLanguage\":\"en-US\"},{\"@type\":\"Organization\",\"@id\":\"https:\/\/velasmasroses.com\/#organization\",\"name\":\"Mas Roses\",\"url\":\"https:\/\/velasmasroses.com\/\",\"logo\":{\"@type\":\"ImageObject\",\"inLanguage\":\"en-US\",\"@id\":\"https:\/\/velasmasroses.com\/#\/schema\/logo\/image\/\",\"url\":\"https:\/\/velasmasroses.com\/wp-content\/uploads\/2024\/12\/logo-masroses.png\",\"contentUrl\":\"https:\/\/velasmasroses.com\/wp-content\/uploads\/2024\/12\/logo-masroses.png\",\"width\":221,\"height\":129,\"caption\":\"Mas Roses\"},\"image\":{\"@id\":\"https:\/\/velasmasroses.com\/#\/schema\/logo\/image\/\"}}]}<\/script>\n<!-- \/ Yoast SEO plugin. -->","yoast_head_json":{"title":"Vela Candelabro - Salom\u00f3nico - Mas Roses","robots":{"index":"index","follow":"follow","max-snippet":"max-snippet:-1","max-image-preview":"max-image-preview:large","max-video-preview":"max-video-preview:-1"},"canonical":"https:\/\/velasmasroses.com\/en\/product\/vela-candelabro-salomonico\/","og_locale":"en_US","og_type":"article","og_title":"Vela Candelabro - Salom\u00f3nico - Mas Roses","og_description":"Vela de candelabro en forma espiral salom\u00f3nico. Dos altura a elegir: 30 cent\u00edmetros de altura ( 28 cent\u00edmetros de vela + 2 cent\u00edmetros de manija o base). 20 cent\u00edmetros de altura (18 cent\u00edmetros de vela + 2 cent\u00edmetros de manija o base). Una vela ideal para candelabro, centro de mesa \u00f3 decoraci\u00f3n navide\u00f1a. Disponibles en [&hellip;]","og_url":"https:\/\/velasmasroses.com\/en\/product\/vela-candelabro-salomonico\/","og_site_name":"Mas Roses","article_modified_time":"2025-08-25T08:12:32+00:00","og_image":[{"width":348,"height":1024,"url":"https:\/\/velasmasroses.com\/wp-content\/uploads\/2025\/06\/DSC_2770-348x1024.png","type":"image\/png"}],"twitter_card":"summary_large_image","twitter_misc":{"Est. reading time":"1 minute"},"schema":{"@context":"https:\/\/schema.org","@graph":[{"@type":"WebPage","@id":"https:\/\/velasmasroses.com\/product\/vela-candelabro-salomonico\/","url":"https:\/\/velasmasroses.com\/product\/vela-candelabro-salomonico\/","name":"Vela Candelabro - Salom\u00f3nico - Mas Roses","isPartOf":{"@id":"https:\/\/velasmasroses.com\/#website"},"primaryImageOfPage":{"@id":"https:\/\/velasmasroses.com\/product\/vela-candelabro-salomonico\/#primaryimage"},"image":{"@id":"https:\/\/velasmasroses.com\/product\/vela-candelabro-salomonico\/#primaryimage"},"thumbnailUrl":"https:\/\/velasmasroses.com\/wp-content\/uploads\/2025\/06\/DSC_2770.png","datePublished":"2025-08-24T17:15:16+00:00","dateModified":"2025-08-25T08:12:32+00:00","breadcrumb":{"@id":"https:\/\/velasmasroses.com\/product\/vela-candelabro-salomonico\/#breadcrumb"},"inLanguage":"en-US","potentialAction":[{"@type":"ReadAction","target":["https:\/\/velasmasroses.com\/product\/vela-candelabro-salomonico\/"]}]},{"@type":"ImageObject","inLanguage":"en-US","@id":"https:\/\/velasmasroses.com\/product\/vela-candelabro-salomonico\/#primaryimage","url":"https:\/\/velasmasroses.com\/wp-content\/uploads\/2025\/06\/DSC_2770.png","contentUrl":"https:\/\/velasmasroses.com\/wp-content\/uploads\/2025\/06\/DSC_2770.png","width":845,"height":2489},{"@type":"BreadcrumbList","@id":"https:\/\/velasmasroses.com\/product\/vela-candelabro-salomonico\/#breadcrumb","itemListElement":[{"@type":"ListItem","position":1,"name":"Portada","item":"https:\/\/velasmasroses.com\/"},{"@type":"ListItem","position":2,"name":"Tienda","item":"https:\/\/velasmasroses.com\/tienda\/"},{"@type":"ListItem","position":3,"name":"Vela Candelabro &#8211; Salom\u00f3nico"}]},{"@type":"WebSite","@id":"https:\/\/velasmasroses.com\/#website","url":"https:\/\/velasmasroses.com\/","name":"Mas Roses","description":"Handcrafted Candles","publisher":{"@id":"https:\/\/velasmasroses.com\/#organization"},"potentialAction":[{"@type":"SearchAction","target":{"@type":"EntryPoint","urlTemplate":"https:\/\/velasmasroses.com\/?s={search_term_string}"},"query-input":{"@type":"PropertyValueSpecification","valueRequired":true,"valueName":"search_term_string"}}],"inLanguage":"en-US"},{"@type":"Organization","@id":"https:\/\/velasmasroses.com\/#organization","name":"Mas Roses","url":"https:\/\/velasmasroses.com\/","logo":{"@type":"ImageObject","inLanguage":"en-US","@id":"https:\/\/velasmasroses.com\/#\/schema\/logo\/image\/","url":"https:\/\/velasmasroses.com\/wp-content\/uploads\/2024\/12\/logo-masroses.png","contentUrl":"https:\/\/velasmasroses.com\/wp-content\/uploads\/2024\/12\/logo-masroses.png","width":221,"height":129,"caption":"Mas Roses"},"image":{"@id":"https:\/\/velasmasroses.com\/#\/schema\/logo\/image\/"}}]}},"_links":{"self":[{"href":"https:\/\/velasmasroses.com\/en\/wp-json\/wp\/v2\/product\/1728","targetHints":{"allow":["GET"]}}],"collection":[{"href":"https:\/\/velasmasroses.com\/en\/wp-json\/wp\/v2\/product"}],"about":[{"href":"https:\/\/velasmasroses.com\/en\/wp-json\/wp\/v2\/types\/product"}],"wp:featuredmedia":[{"embeddable":true,"href":"https:\/\/velasmasroses.com\/en\/wp-json\/wp\/v2\/media\/3380"}],"wp:attachment":[{"href":"https:\/\/velasmasroses.com\/en\/wp-json\/wp\/v2\/media?parent=1728"}],"wp:term":[{"taxonomy":"product_brand","embeddable":true,"href":"https:\/\/velasmasroses.com\/en\/wp-json\/wp\/v2\/product_brand?post=1728"},{"taxonomy":"product_cat","embeddable":true,"href":"https:\/\/velasmasroses.com\/en\/wp-json\/wp\/v2\/product_cat?post=1728"},{"taxonomy":"product_tag","embeddable":true,"href":"https:\/\/velasmasroses.com\/en\/wp-json\/wp\/v2\/product_tag?post=1728"}],"curies":[{"name":"wp","href":"https:\/\/api.w.org\/{rel}","templated":true}]}}