{"id":1763,"date":"2025-08-24T19:17:57","date_gmt":"2025-08-24T17:17:57","guid":{"rendered":"https:\/\/velasmasroses.com\/?post_type=product&#038;p=1763"},"modified":"2025-08-25T10:10:31","modified_gmt":"2025-08-25T08:10:31","slug":"vela-de-candelabro-piramidal","status":"publish","type":"product","link":"https:\/\/velasmasroses.com\/en\/product\/vela-de-candelabro-piramidal\/","title":{"rendered":"Candelabra Candle - Pyramidal"},"content":{"rendered":"<p>Candlestick candle in pyramidal shape.<\/p>\n<p>Two heights to choose from:<\/p>\n<p>30 centimeters high (28 centimeters of sail + 2 centimeters of handle or base).<\/p>\n<p>20 centimeters high (18 centimeters of candle + 2 centimeters of handle or base).<\/p>\n<p>An ideal candle for candelabra, table centerpiece or Christmas decoration.<\/p>\n<p>Available in a wide range of colors.<\/p>","protected":false},"excerpt":{"rendered":"<p>Vela de candelabro en forma piramidal. Dos altura a elegir: 30 cent\u00edmetros de altura ( 28 cent\u00edmetros de vela + 2 cent\u00edmetros de manija o base). 20 cent\u00edmetros de altura (18 cent\u00edmetros de vela + 2 cent\u00edmetros de manija o base). Una vela ideal para candelabro, centro de mesa \u00f3 decoraci\u00f3n navide\u00f1a. Disponibles en una [&hellip;]<\/p>","protected":false},"featured_media":3366,"template":"","meta":[],"product_brand":[],"product_cat":[42],"product_tag":[],"class_list":{"0":"post-1763","1":"product","2":"type-product","3":"status-publish","4":"has-post-thumbnail","6":"product_cat-candelabros","8":"first","9":"instock","10":"shipping-taxable","11":"purchasable","12":"product-type-variable"},"yoast_head":"<!-- This site is optimized with the Yoast SEO plugin v26.5 - https:\/\/yoast.com\/wordpress\/plugins\/seo\/ -->\n<title>Vela de Candelabro - Piramidal - Mas Roses<\/title>\n<meta name=\"robots\" content=\"index, follow, max-snippet:-1, max-image-preview:large, max-video-preview:-1\" \/>\n<link rel=\"canonical\" href=\"https:\/\/velasmasroses.com\/en\/product\/vela-de-candelabro-piramidal\/\" \/>\n<meta property=\"og:locale\" content=\"en_US\" \/>\n<meta property=\"og:type\" content=\"article\" \/>\n<meta property=\"og:title\" content=\"Vela de Candelabro - Piramidal - Mas Roses\" \/>\n<meta property=\"og:description\" content=\"Vela de candelabro en forma piramidal. Dos altura a elegir: 30 cent\u00edmetros de altura ( 28 cent\u00edmetros de vela + 2 cent\u00edmetros de manija o base). 20 cent\u00edmetros de altura (18 cent\u00edmetros de vela + 2 cent\u00edmetros de manija o base). Una vela ideal para candelabro, centro de mesa \u00f3 decoraci\u00f3n navide\u00f1a. Disponibles en una [&hellip;]\" \/>\n<meta property=\"og:url\" content=\"https:\/\/velasmasroses.com\/en\/product\/vela-de-candelabro-piramidal\/\" \/>\n<meta property=\"og:site_name\" content=\"Mas Roses\" \/>\n<meta property=\"article:modified_time\" content=\"2025-08-25T08:10:31+00:00\" \/>\n<meta property=\"og:image\" content=\"https:\/\/velasmasroses.com\/wp-content\/uploads\/2025\/07\/DSC_2831-scaled.jpg\" \/>\n\t<meta property=\"og:image:width\" content=\"2560\" \/>\n\t<meta property=\"og:image:height\" content=\"1714\" \/>\n\t<meta property=\"og:image:type\" content=\"image\/jpeg\" \/>\n<meta name=\"twitter:card\" content=\"summary_large_image\" \/>\n<meta name=\"twitter:label1\" content=\"Est. reading time\" \/>\n\t<meta name=\"twitter:data1\" content=\"1 minute\" \/>\n<script type=\"application\/ld+json\" class=\"yoast-schema-graph\">{\"@context\":\"https:\/\/schema.org\",\"@graph\":[{\"@type\":\"WebPage\",\"@id\":\"https:\/\/velasmasroses.com\/product\/vela-de-candelabro-piramidal\/\",\"url\":\"https:\/\/velasmasroses.com\/product\/vela-de-candelabro-piramidal\/\",\"name\":\"Vela de Candelabro - Piramidal - Mas Roses\",\"isPartOf\":{\"@id\":\"https:\/\/velasmasroses.com\/#website\"},\"primaryImageOfPage\":{\"@id\":\"https:\/\/velasmasroses.com\/product\/vela-de-candelabro-piramidal\/#primaryimage\"},\"image\":{\"@id\":\"https:\/\/velasmasroses.com\/product\/vela-de-candelabro-piramidal\/#primaryimage\"},\"thumbnailUrl\":\"https:\/\/velasmasroses.com\/wp-content\/uploads\/2025\/07\/DSC_2831-scaled.jpg\",\"datePublished\":\"2025-08-24T17:17:57+00:00\",\"dateModified\":\"2025-08-25T08:10:31+00:00\",\"breadcrumb\":{\"@id\":\"https:\/\/velasmasroses.com\/product\/vela-de-candelabro-piramidal\/#breadcrumb\"},\"inLanguage\":\"en-US\",\"potentialAction\":[{\"@type\":\"ReadAction\",\"target\":[\"https:\/\/velasmasroses.com\/product\/vela-de-candelabro-piramidal\/\"]}]},{\"@type\":\"ImageObject\",\"inLanguage\":\"en-US\",\"@id\":\"https:\/\/velasmasroses.com\/product\/vela-de-candelabro-piramidal\/#primaryimage\",\"url\":\"https:\/\/velasmasroses.com\/wp-content\/uploads\/2025\/07\/DSC_2831-scaled.jpg\",\"contentUrl\":\"https:\/\/velasmasroses.com\/wp-content\/uploads\/2025\/07\/DSC_2831-scaled.jpg\",\"width\":2560,\"height\":1714},{\"@type\":\"BreadcrumbList\",\"@id\":\"https:\/\/velasmasroses.com\/product\/vela-de-candelabro-piramidal\/#breadcrumb\",\"itemListElement\":[{\"@type\":\"ListItem\",\"position\":1,\"name\":\"Portada\",\"item\":\"https:\/\/velasmasroses.com\/\"},{\"@type\":\"ListItem\",\"position\":2,\"name\":\"Tienda\",\"item\":\"https:\/\/velasmasroses.com\/tienda\/\"},{\"@type\":\"ListItem\",\"position\":3,\"name\":\"Vela de Candelabro &#8211; Piramidal\"}]},{\"@type\":\"WebSite\",\"@id\":\"https:\/\/velasmasroses.com\/#website\",\"url\":\"https:\/\/velasmasroses.com\/\",\"name\":\"Mas Roses\",\"description\":\"Velas Artesanales\",\"publisher\":{\"@id\":\"https:\/\/velasmasroses.com\/#organization\"},\"potentialAction\":[{\"@type\":\"SearchAction\",\"target\":{\"@type\":\"EntryPoint\",\"urlTemplate\":\"https:\/\/velasmasroses.com\/?s={search_term_string}\"},\"query-input\":{\"@type\":\"PropertyValueSpecification\",\"valueRequired\":true,\"valueName\":\"search_term_string\"}}],\"inLanguage\":\"en-US\"},{\"@type\":\"Organization\",\"@id\":\"https:\/\/velasmasroses.com\/#organization\",\"name\":\"Mas Roses\",\"url\":\"https:\/\/velasmasroses.com\/\",\"logo\":{\"@type\":\"ImageObject\",\"inLanguage\":\"en-US\",\"@id\":\"https:\/\/velasmasroses.com\/#\/schema\/logo\/image\/\",\"url\":\"https:\/\/velasmasroses.com\/wp-content\/uploads\/2024\/12\/logo-masroses.png\",\"contentUrl\":\"https:\/\/velasmasroses.com\/wp-content\/uploads\/2024\/12\/logo-masroses.png\",\"width\":221,\"height\":129,\"caption\":\"Mas Roses\"},\"image\":{\"@id\":\"https:\/\/velasmasroses.com\/#\/schema\/logo\/image\/\"}}]}<\/script>\n<!-- \/ Yoast SEO plugin. -->","yoast_head_json":{"title":"Vela de Candelabro - Piramidal - Mas Roses","robots":{"index":"index","follow":"follow","max-snippet":"max-snippet:-1","max-image-preview":"max-image-preview:large","max-video-preview":"max-video-preview:-1"},"canonical":"https:\/\/velasmasroses.com\/en\/product\/vela-de-candelabro-piramidal\/","og_locale":"en_US","og_type":"article","og_title":"Vela de Candelabro - Piramidal - Mas Roses","og_description":"Vela de candelabro en forma piramidal. Dos altura a elegir: 30 cent\u00edmetros de altura ( 28 cent\u00edmetros de vela + 2 cent\u00edmetros de manija o base). 20 cent\u00edmetros de altura (18 cent\u00edmetros de vela + 2 cent\u00edmetros de manija o base). Una vela ideal para candelabro, centro de mesa \u00f3 decoraci\u00f3n navide\u00f1a. Disponibles en una [&hellip;]","og_url":"https:\/\/velasmasroses.com\/en\/product\/vela-de-candelabro-piramidal\/","og_site_name":"Mas Roses","article_modified_time":"2025-08-25T08:10:31+00:00","og_image":[{"width":2560,"height":1714,"url":"https:\/\/velasmasroses.com\/wp-content\/uploads\/2025\/07\/DSC_2831-scaled.jpg","type":"image\/jpeg"}],"twitter_card":"summary_large_image","twitter_misc":{"Est. reading time":"1 minute"},"schema":{"@context":"https:\/\/schema.org","@graph":[{"@type":"WebPage","@id":"https:\/\/velasmasroses.com\/product\/vela-de-candelabro-piramidal\/","url":"https:\/\/velasmasroses.com\/product\/vela-de-candelabro-piramidal\/","name":"Vela de Candelabro - Piramidal - Mas Roses","isPartOf":{"@id":"https:\/\/velasmasroses.com\/#website"},"primaryImageOfPage":{"@id":"https:\/\/velasmasroses.com\/product\/vela-de-candelabro-piramidal\/#primaryimage"},"image":{"@id":"https:\/\/velasmasroses.com\/product\/vela-de-candelabro-piramidal\/#primaryimage"},"thumbnailUrl":"https:\/\/velasmasroses.com\/wp-content\/uploads\/2025\/07\/DSC_2831-scaled.jpg","datePublished":"2025-08-24T17:17:57+00:00","dateModified":"2025-08-25T08:10:31+00:00","breadcrumb":{"@id":"https:\/\/velasmasroses.com\/product\/vela-de-candelabro-piramidal\/#breadcrumb"},"inLanguage":"en-US","potentialAction":[{"@type":"ReadAction","target":["https:\/\/velasmasroses.com\/product\/vela-de-candelabro-piramidal\/"]}]},{"@type":"ImageObject","inLanguage":"en-US","@id":"https:\/\/velasmasroses.com\/product\/vela-de-candelabro-piramidal\/#primaryimage","url":"https:\/\/velasmasroses.com\/wp-content\/uploads\/2025\/07\/DSC_2831-scaled.jpg","contentUrl":"https:\/\/velasmasroses.com\/wp-content\/uploads\/2025\/07\/DSC_2831-scaled.jpg","width":2560,"height":1714},{"@type":"BreadcrumbList","@id":"https:\/\/velasmasroses.com\/product\/vela-de-candelabro-piramidal\/#breadcrumb","itemListElement":[{"@type":"ListItem","position":1,"name":"Portada","item":"https:\/\/velasmasroses.com\/"},{"@type":"ListItem","position":2,"name":"Tienda","item":"https:\/\/velasmasroses.com\/tienda\/"},{"@type":"ListItem","position":3,"name":"Vela de Candelabro &#8211; Piramidal"}]},{"@type":"WebSite","@id":"https:\/\/velasmasroses.com\/#website","url":"https:\/\/velasmasroses.com\/","name":"Mas Roses","description":"Handcrafted Candles","publisher":{"@id":"https:\/\/velasmasroses.com\/#organization"},"potentialAction":[{"@type":"SearchAction","target":{"@type":"EntryPoint","urlTemplate":"https:\/\/velasmasroses.com\/?s={search_term_string}"},"query-input":{"@type":"PropertyValueSpecification","valueRequired":true,"valueName":"search_term_string"}}],"inLanguage":"en-US"},{"@type":"Organization","@id":"https:\/\/velasmasroses.com\/#organization","name":"Mas Roses","url":"https:\/\/velasmasroses.com\/","logo":{"@type":"ImageObject","inLanguage":"en-US","@id":"https:\/\/velasmasroses.com\/#\/schema\/logo\/image\/","url":"https:\/\/velasmasroses.com\/wp-content\/uploads\/2024\/12\/logo-masroses.png","contentUrl":"https:\/\/velasmasroses.com\/wp-content\/uploads\/2024\/12\/logo-masroses.png","width":221,"height":129,"caption":"Mas Roses"},"image":{"@id":"https:\/\/velasmasroses.com\/#\/schema\/logo\/image\/"}}]}},"_links":{"self":[{"href":"https:\/\/velasmasroses.com\/en\/wp-json\/wp\/v2\/product\/1763","targetHints":{"allow":["GET"]}}],"collection":[{"href":"https:\/\/velasmasroses.com\/en\/wp-json\/wp\/v2\/product"}],"about":[{"href":"https:\/\/velasmasroses.com\/en\/wp-json\/wp\/v2\/types\/product"}],"wp:featuredmedia":[{"embeddable":true,"href":"https:\/\/velasmasroses.com\/en\/wp-json\/wp\/v2\/media\/3366"}],"wp:attachment":[{"href":"https:\/\/velasmasroses.com\/en\/wp-json\/wp\/v2\/media?parent=1763"}],"wp:term":[{"taxonomy":"product_brand","embeddable":true,"href":"https:\/\/velasmasroses.com\/en\/wp-json\/wp\/v2\/product_brand?post=1763"},{"taxonomy":"product_cat","embeddable":true,"href":"https:\/\/velasmasroses.com\/en\/wp-json\/wp\/v2\/product_cat?post=1763"},{"taxonomy":"product_tag","embeddable":true,"href":"https:\/\/velasmasroses.com\/en\/wp-json\/wp\/v2\/product_tag?post=1763"}],"curies":[{"name":"wp","href":"https:\/\/api.w.org\/{rel}","templated":true}]}}