{"id":1798,"date":"2025-08-25T09:35:30","date_gmt":"2025-08-25T07:35:30","guid":{"rendered":"https:\/\/velasmasroses.com\/?post_type=product&#038;p=1798"},"modified":"2025-09-11T14:28:38","modified_gmt":"2025-09-11T12:28:38","slug":"letras","status":"publish","type":"product","link":"https:\/\/velasmasroses.com\/en\/product\/letras\/","title":{"rendered":"Letters"},"content":{"rendered":"<p>Personalize your cake with our letter candles.<\/p>\n<p>Candle 4 centimeters high (excluding wick and stick)<\/p>\n<p>Available in gold color.<\/p>\n<p data-start=\"58\" data-end=\"347\">Velas Mas Roses manufactures birthday candles of various models, with the aim that all our customers find that special candle they are looking for. The ideal birthday candle to make your celebration, your cake or cake, and that of those you love the most, stand out.<\/p>\n<p data-start=\"349\" data-end=\"464\">The measurements we indicate correspond to the size of the candle, without taking into account the support stick or the wick.<\/p>\n<p data-start=\"466\" data-end=\"631\">Candles made in Spain, available in a wide range of colors and sizes. We have fifteen basic colors, as well as including candles in gold and silver tones.<\/p>\n<p data-start=\"633\" data-end=\"1052\">Our birthday candle factory wants to make your celebration something special, because you and yours deserve it. The brightness of our number candles will surprise your friends and guests. Your anniversary and birthday parties will be recorded in images and photographs for your social networks. You will be the center of attention of your family and friends. Different candles for a different birthday.<\/p>\n<p data-start=\"1054\" data-end=\"1288\">All products from our birthday candle factory are individually bagged to preserve their hygiene. They are manufactured with the highest quality raw materials and available in our online store.<\/p>\n<p data-start=\"1290\" data-end=\"1466\">If you are a candle distributor, or responsible for a bakery or confectionery, and you want to offer your customers the best birthday candle, contact us directly.<\/p>\n<p>We wish you a happy birthday with our birthday candles. We wish you an happy birthday with our birthday candles.<\/p>","protected":false},"excerpt":{"rendered":"<p>Personaliza tu tarta con nuestras velas en forma de letras. Vela de 4 cent\u00edmetros de altura (sin contar mecha ni palillo) Disponibles en color dorado. Velas Mas Roses f\u00e1brica velas para cumplea\u00f1os de diversos modelos, con el objetivo de que todos nuestros clientes encuentren esa vela especial que est\u00e1n buscando. La vela de cumplea\u00f1os ideal [&hellip;]<\/p>","protected":false},"featured_media":3368,"template":"","meta":[],"product_brand":[],"product_cat":[41],"product_tag":[],"class_list":{"0":"post-1798","1":"product","2":"type-product","3":"status-publish","4":"has-post-thumbnail","6":"product_cat-cumpleanos","8":"first","9":"instock","10":"shipping-taxable","11":"purchasable","12":"product-type-variable"},"yoast_head":"<!-- This site is optimized with the Yoast SEO plugin v26.5 - https:\/\/yoast.com\/wordpress\/plugins\/seo\/ -->\n<title>Velas de letras \u2013 Velas Mas Roses<\/title>\n<meta name=\"description\" content=\"Velas de letras para cumplea\u00f1os fabricadas en Espa\u00f1a. Colores, tama\u00f1os y calidad premium para que tu tarta brille en cada celebraci\u00f3n.\" \/>\n<meta name=\"robots\" content=\"index, follow, max-snippet:-1, max-image-preview:large, max-video-preview:-1\" \/>\n<link rel=\"canonical\" href=\"https:\/\/velasmasroses.com\/en\/product\/letras\/\" \/>\n<meta property=\"og:locale\" content=\"en_US\" \/>\n<meta property=\"og:type\" content=\"article\" \/>\n<meta property=\"og:title\" content=\"Velas de letras \u2013 Velas Mas Roses\" \/>\n<meta property=\"og:description\" content=\"Velas de letras para cumplea\u00f1os fabricadas en Espa\u00f1a. Colores, tama\u00f1os y calidad premium para que tu tarta brille en cada celebraci\u00f3n.\" \/>\n<meta property=\"og:url\" content=\"https:\/\/velasmasroses.com\/en\/product\/letras\/\" \/>\n<meta property=\"og:site_name\" content=\"Mas Roses\" \/>\n<meta property=\"article:modified_time\" content=\"2025-09-11T12:28:38+00:00\" \/>\n<meta property=\"og:image\" content=\"https:\/\/velasmasroses.com\/wp-content\/uploads\/2025\/06\/DSC_0237ff-scaled.jpg\" \/>\n\t<meta property=\"og:image:width\" content=\"1707\" \/>\n\t<meta property=\"og:image:height\" content=\"2560\" \/>\n\t<meta property=\"og:image:type\" content=\"image\/jpeg\" \/>\n<meta name=\"twitter:card\" content=\"summary_large_image\" \/>\n<meta name=\"twitter:label1\" content=\"Est. reading time\" \/>\n\t<meta name=\"twitter:data1\" content=\"2 minutes\" \/>\n<script type=\"application\/ld+json\" class=\"yoast-schema-graph\">{\"@context\":\"https:\/\/schema.org\",\"@graph\":[{\"@type\":\"WebPage\",\"@id\":\"https:\/\/velasmasroses.com\/product\/letras\/\",\"url\":\"https:\/\/velasmasroses.com\/product\/letras\/\",\"name\":\"Velas de letras \u2013 Velas Mas Roses\",\"isPartOf\":{\"@id\":\"https:\/\/velasmasroses.com\/#website\"},\"primaryImageOfPage\":{\"@id\":\"https:\/\/velasmasroses.com\/product\/letras\/#primaryimage\"},\"image\":{\"@id\":\"https:\/\/velasmasroses.com\/product\/letras\/#primaryimage\"},\"thumbnailUrl\":\"https:\/\/velasmasroses.com\/wp-content\/uploads\/2025\/06\/DSC_0237ff-scaled.jpg\",\"datePublished\":\"2025-08-25T07:35:30+00:00\",\"dateModified\":\"2025-09-11T12:28:38+00:00\",\"description\":\"Velas de letras para cumplea\u00f1os fabricadas en Espa\u00f1a. Colores, tama\u00f1os y calidad premium para que tu tarta brille en cada celebraci\u00f3n.\",\"breadcrumb\":{\"@id\":\"https:\/\/velasmasroses.com\/product\/letras\/#breadcrumb\"},\"inLanguage\":\"en-US\",\"potentialAction\":[{\"@type\":\"ReadAction\",\"target\":[\"https:\/\/velasmasroses.com\/product\/letras\/\"]}]},{\"@type\":\"ImageObject\",\"inLanguage\":\"en-US\",\"@id\":\"https:\/\/velasmasroses.com\/product\/letras\/#primaryimage\",\"url\":\"https:\/\/velasmasroses.com\/wp-content\/uploads\/2025\/06\/DSC_0237ff-scaled.jpg\",\"contentUrl\":\"https:\/\/velasmasroses.com\/wp-content\/uploads\/2025\/06\/DSC_0237ff-scaled.jpg\",\"width\":1707,\"height\":2560},{\"@type\":\"BreadcrumbList\",\"@id\":\"https:\/\/velasmasroses.com\/product\/letras\/#breadcrumb\",\"itemListElement\":[{\"@type\":\"ListItem\",\"position\":1,\"name\":\"Portada\",\"item\":\"https:\/\/velasmasroses.com\/\"},{\"@type\":\"ListItem\",\"position\":2,\"name\":\"Tienda\",\"item\":\"https:\/\/velasmasroses.com\/tienda\/\"},{\"@type\":\"ListItem\",\"position\":3,\"name\":\"Letras\"}]},{\"@type\":\"WebSite\",\"@id\":\"https:\/\/velasmasroses.com\/#website\",\"url\":\"https:\/\/velasmasroses.com\/\",\"name\":\"Mas Roses\",\"description\":\"Velas Artesanales\",\"publisher\":{\"@id\":\"https:\/\/velasmasroses.com\/#organization\"},\"potentialAction\":[{\"@type\":\"SearchAction\",\"target\":{\"@type\":\"EntryPoint\",\"urlTemplate\":\"https:\/\/velasmasroses.com\/?s={search_term_string}\"},\"query-input\":{\"@type\":\"PropertyValueSpecification\",\"valueRequired\":true,\"valueName\":\"search_term_string\"}}],\"inLanguage\":\"en-US\"},{\"@type\":\"Organization\",\"@id\":\"https:\/\/velasmasroses.com\/#organization\",\"name\":\"Mas Roses\",\"url\":\"https:\/\/velasmasroses.com\/\",\"logo\":{\"@type\":\"ImageObject\",\"inLanguage\":\"en-US\",\"@id\":\"https:\/\/velasmasroses.com\/#\/schema\/logo\/image\/\",\"url\":\"https:\/\/velasmasroses.com\/wp-content\/uploads\/2024\/12\/logo-masroses.png\",\"contentUrl\":\"https:\/\/velasmasroses.com\/wp-content\/uploads\/2024\/12\/logo-masroses.png\",\"width\":221,\"height\":129,\"caption\":\"Mas Roses\"},\"image\":{\"@id\":\"https:\/\/velasmasroses.com\/#\/schema\/logo\/image\/\"}}]}<\/script>\n<!-- \/ Yoast SEO plugin. -->","yoast_head_json":{"title":"Velas de letras \u2013 Velas Mas Roses","description":"Velas de letras para cumplea\u00f1os fabricadas en Espa\u00f1a. Colores, tama\u00f1os y calidad premium para que tu tarta brille en cada celebraci\u00f3n.","robots":{"index":"index","follow":"follow","max-snippet":"max-snippet:-1","max-image-preview":"max-image-preview:large","max-video-preview":"max-video-preview:-1"},"canonical":"https:\/\/velasmasroses.com\/en\/product\/letras\/","og_locale":"en_US","og_type":"article","og_title":"Velas de letras \u2013 Velas Mas Roses","og_description":"Velas de letras para cumplea\u00f1os fabricadas en Espa\u00f1a. Colores, tama\u00f1os y calidad premium para que tu tarta brille en cada celebraci\u00f3n.","og_url":"https:\/\/velasmasroses.com\/en\/product\/letras\/","og_site_name":"Mas Roses","article_modified_time":"2025-09-11T12:28:38+00:00","og_image":[{"width":1707,"height":2560,"url":"https:\/\/velasmasroses.com\/wp-content\/uploads\/2025\/06\/DSC_0237ff-scaled.jpg","type":"image\/jpeg"}],"twitter_card":"summary_large_image","twitter_misc":{"Est. reading time":"2 minutes"},"schema":{"@context":"https:\/\/schema.org","@graph":[{"@type":"WebPage","@id":"https:\/\/velasmasroses.com\/product\/letras\/","url":"https:\/\/velasmasroses.com\/product\/letras\/","name":"Velas de letras \u2013 Velas Mas Roses","isPartOf":{"@id":"https:\/\/velasmasroses.com\/#website"},"primaryImageOfPage":{"@id":"https:\/\/velasmasroses.com\/product\/letras\/#primaryimage"},"image":{"@id":"https:\/\/velasmasroses.com\/product\/letras\/#primaryimage"},"thumbnailUrl":"https:\/\/velasmasroses.com\/wp-content\/uploads\/2025\/06\/DSC_0237ff-scaled.jpg","datePublished":"2025-08-25T07:35:30+00:00","dateModified":"2025-09-11T12:28:38+00:00","description":"Velas de letras para cumplea\u00f1os fabricadas en Espa\u00f1a. Colores, tama\u00f1os y calidad premium para que tu tarta brille en cada celebraci\u00f3n.","breadcrumb":{"@id":"https:\/\/velasmasroses.com\/product\/letras\/#breadcrumb"},"inLanguage":"en-US","potentialAction":[{"@type":"ReadAction","target":["https:\/\/velasmasroses.com\/product\/letras\/"]}]},{"@type":"ImageObject","inLanguage":"en-US","@id":"https:\/\/velasmasroses.com\/product\/letras\/#primaryimage","url":"https:\/\/velasmasroses.com\/wp-content\/uploads\/2025\/06\/DSC_0237ff-scaled.jpg","contentUrl":"https:\/\/velasmasroses.com\/wp-content\/uploads\/2025\/06\/DSC_0237ff-scaled.jpg","width":1707,"height":2560},{"@type":"BreadcrumbList","@id":"https:\/\/velasmasroses.com\/product\/letras\/#breadcrumb","itemListElement":[{"@type":"ListItem","position":1,"name":"Portada","item":"https:\/\/velasmasroses.com\/"},{"@type":"ListItem","position":2,"name":"Tienda","item":"https:\/\/velasmasroses.com\/tienda\/"},{"@type":"ListItem","position":3,"name":"Letras"}]},{"@type":"WebSite","@id":"https:\/\/velasmasroses.com\/#website","url":"https:\/\/velasmasroses.com\/","name":"Mas Roses","description":"Handcrafted Candles","publisher":{"@id":"https:\/\/velasmasroses.com\/#organization"},"potentialAction":[{"@type":"SearchAction","target":{"@type":"EntryPoint","urlTemplate":"https:\/\/velasmasroses.com\/?s={search_term_string}"},"query-input":{"@type":"PropertyValueSpecification","valueRequired":true,"valueName":"search_term_string"}}],"inLanguage":"en-US"},{"@type":"Organization","@id":"https:\/\/velasmasroses.com\/#organization","name":"Mas Roses","url":"https:\/\/velasmasroses.com\/","logo":{"@type":"ImageObject","inLanguage":"en-US","@id":"https:\/\/velasmasroses.com\/#\/schema\/logo\/image\/","url":"https:\/\/velasmasroses.com\/wp-content\/uploads\/2024\/12\/logo-masroses.png","contentUrl":"https:\/\/velasmasroses.com\/wp-content\/uploads\/2024\/12\/logo-masroses.png","width":221,"height":129,"caption":"Mas Roses"},"image":{"@id":"https:\/\/velasmasroses.com\/#\/schema\/logo\/image\/"}}]}},"_links":{"self":[{"href":"https:\/\/velasmasroses.com\/en\/wp-json\/wp\/v2\/product\/1798","targetHints":{"allow":["GET"]}}],"collection":[{"href":"https:\/\/velasmasroses.com\/en\/wp-json\/wp\/v2\/product"}],"about":[{"href":"https:\/\/velasmasroses.com\/en\/wp-json\/wp\/v2\/types\/product"}],"wp:featuredmedia":[{"embeddable":true,"href":"https:\/\/velasmasroses.com\/en\/wp-json\/wp\/v2\/media\/3368"}],"wp:attachment":[{"href":"https:\/\/velasmasroses.com\/en\/wp-json\/wp\/v2\/media?parent=1798"}],"wp:term":[{"taxonomy":"product_brand","embeddable":true,"href":"https:\/\/velasmasroses.com\/en\/wp-json\/wp\/v2\/product_brand?post=1798"},{"taxonomy":"product_cat","embeddable":true,"href":"https:\/\/velasmasroses.com\/en\/wp-json\/wp\/v2\/product_cat?post=1798"},{"taxonomy":"product_tag","embeddable":true,"href":"https:\/\/velasmasroses.com\/en\/wp-json\/wp\/v2\/product_tag?post=1798"}],"curies":[{"name":"wp","href":"https:\/\/api.w.org\/{rel}","templated":true}]}}