{"id":1898,"date":"2025-08-24T19:15:54","date_gmt":"2025-08-24T17:15:54","guid":{"rendered":"https:\/\/velasmasroses.com\/?post_type=product&#038;p=1898"},"modified":"2025-09-01T13:39:30","modified_gmt":"2025-09-01T11:39:30","slug":"esfera","status":"publish","type":"product","link":"https:\/\/velasmasroses.com\/en\/product\/esfera\/","title":{"rendered":"Sphere"},"content":{"rendered":"<p>Spheres ideal for original centerpieces.<\/p>\n<p>8 centimeters in diameter with a base of 5 centimeters that allows a correct support.<\/p>\n<p>A perfect candle to make all kinds of centerpieces. An ideal candle to combine with our cylindrical or square candles and get spectacular Christmas centerpieces.<\/p>\n<p>Available in a wide range of colors.<\/p>\n<p>A centerpiece made with our handmade candles becomes a point of attention. A set of three candles of 10, 15 and 20 centimeters high, and 7 centimeters in diameter or side, made on a glass plate and with the complement of flower and dried plants.<\/p>\n<p>As a factory of handmade candles, we have centerpieces made with unscented candles that allow you to accompany your meals, dinners and celebrations without adding aromas that could be harmful to the environment.<br \/>\ndisturb your guests or distract from the smells and flavors of these events.<\/p>\n<p>All our centerpieces are an excellent gift for those who are looking for a set of handmade candles made in Spain, a different and original touch in home decoration. Candles made in our wax factory using waxes and non-chemical cotton wicks of the best quality. Very attractive colors and finishes. Long lasting candles.<\/p>\n<p>Thanks to the wide variety of designs that we have in our factory of handmade candles, Velas Mas Roses, you can choose the type of candle that best suits your taste. Candles<br \/>\ncylindrical candles, square candles, drip candles or spherical candles. Available in more than twelve colors. You buy the candles and we send you the base plate and the dried flower free of charge.<\/p>\n<p>Take the opportunity to fill your home with style and add a touch of color according to each season of the year.<\/p>\n<p>Centerpieces with wax candles made in Spain in our handmade candle factory.<\/p>","protected":false},"excerpt":{"rendered":"<p>Esferas ideales para centros de mesa originales. 8 cent\u00edmetros de di\u00e1metro con base de 5 cent\u00edmetros que permite un correcto apoyo. Una vela perfecta para confeccionar todo tipo de centros de mesa. Una vela ideal para combinar con nuestras velas cil\u00edndricas \u00f3 cuadradas y conseguir espectaculares centros de mesa navide\u00f1os. Disponible en una gran gama [&hellip;]<\/p>","protected":false},"featured_media":3377,"template":"","meta":[],"product_brand":[],"product_cat":[43],"product_tag":[],"class_list":{"0":"post-1898","1":"product","2":"type-product","3":"status-publish","4":"has-post-thumbnail","6":"product_cat-centros-de-mesa","8":"first","9":"instock","10":"shipping-taxable","11":"purchasable","12":"product-type-variable"},"yoast_head":"<!-- This site is optimized with the Yoast SEO plugin v26.5 - https:\/\/yoast.com\/wordpress\/plugins\/seo\/ -->\n<title>Esfera - Mas Roses<\/title>\n<meta name=\"robots\" content=\"index, follow, max-snippet:-1, max-image-preview:large, max-video-preview:-1\" \/>\n<link rel=\"canonical\" href=\"https:\/\/velasmasroses.com\/en\/product\/esfera\/\" \/>\n<meta property=\"og:locale\" content=\"en_US\" \/>\n<meta property=\"og:type\" content=\"article\" \/>\n<meta property=\"og:title\" content=\"Esfera - Mas Roses\" \/>\n<meta property=\"og:description\" content=\"Esferas ideales para centros de mesa originales. 8 cent\u00edmetros de di\u00e1metro con base de 5 cent\u00edmetros que permite un correcto apoyo. Una vela perfecta para confeccionar todo tipo de centros de mesa. Una vela ideal para combinar con nuestras velas cil\u00edndricas \u00f3 cuadradas y conseguir espectaculares centros de mesa navide\u00f1os. Disponible en una gran gama [&hellip;]\" \/>\n<meta property=\"og:url\" content=\"https:\/\/velasmasroses.com\/en\/product\/esfera\/\" \/>\n<meta property=\"og:site_name\" content=\"Mas Roses\" \/>\n<meta property=\"article:modified_time\" content=\"2025-09-01T11:39:30+00:00\" \/>\n<meta property=\"og:image\" content=\"https:\/\/velasmasroses.com\/wp-content\/uploads\/2025\/06\/TACOS-ONLINE-30-scaled.jpg\" \/>\n\t<meta property=\"og:image:width\" content=\"2560\" \/>\n\t<meta property=\"og:image:height\" content=\"1920\" \/>\n\t<meta property=\"og:image:type\" content=\"image\/jpeg\" \/>\n<meta name=\"twitter:card\" content=\"summary_large_image\" \/>\n<meta name=\"twitter:label1\" content=\"Est. reading time\" \/>\n\t<meta name=\"twitter:data1\" content=\"2 minutes\" \/>\n<script type=\"application\/ld+json\" class=\"yoast-schema-graph\">{\"@context\":\"https:\/\/schema.org\",\"@graph\":[{\"@type\":\"WebPage\",\"@id\":\"https:\/\/velasmasroses.com\/product\/esfera\/\",\"url\":\"https:\/\/velasmasroses.com\/product\/esfera\/\",\"name\":\"Esfera - Mas Roses\",\"isPartOf\":{\"@id\":\"https:\/\/velasmasroses.com\/#website\"},\"primaryImageOfPage\":{\"@id\":\"https:\/\/velasmasroses.com\/product\/esfera\/#primaryimage\"},\"image\":{\"@id\":\"https:\/\/velasmasroses.com\/product\/esfera\/#primaryimage\"},\"thumbnailUrl\":\"https:\/\/velasmasroses.com\/wp-content\/uploads\/2025\/06\/TACOS-ONLINE-30-scaled.jpg\",\"datePublished\":\"2025-08-24T17:15:54+00:00\",\"dateModified\":\"2025-09-01T11:39:30+00:00\",\"breadcrumb\":{\"@id\":\"https:\/\/velasmasroses.com\/product\/esfera\/#breadcrumb\"},\"inLanguage\":\"en-US\",\"potentialAction\":[{\"@type\":\"ReadAction\",\"target\":[\"https:\/\/velasmasroses.com\/product\/esfera\/\"]}]},{\"@type\":\"ImageObject\",\"inLanguage\":\"en-US\",\"@id\":\"https:\/\/velasmasroses.com\/product\/esfera\/#primaryimage\",\"url\":\"https:\/\/velasmasroses.com\/wp-content\/uploads\/2025\/06\/TACOS-ONLINE-30-scaled.jpg\",\"contentUrl\":\"https:\/\/velasmasroses.com\/wp-content\/uploads\/2025\/06\/TACOS-ONLINE-30-scaled.jpg\",\"width\":2560,\"height\":1920,\"caption\":\"SAMSUNG CAMERA PICTURES\"},{\"@type\":\"BreadcrumbList\",\"@id\":\"https:\/\/velasmasroses.com\/product\/esfera\/#breadcrumb\",\"itemListElement\":[{\"@type\":\"ListItem\",\"position\":1,\"name\":\"Portada\",\"item\":\"https:\/\/velasmasroses.com\/\"},{\"@type\":\"ListItem\",\"position\":2,\"name\":\"Tienda\",\"item\":\"https:\/\/velasmasroses.com\/tienda\/\"},{\"@type\":\"ListItem\",\"position\":3,\"name\":\"Esfera\"}]},{\"@type\":\"WebSite\",\"@id\":\"https:\/\/velasmasroses.com\/#website\",\"url\":\"https:\/\/velasmasroses.com\/\",\"name\":\"Mas Roses\",\"description\":\"Velas Artesanales\",\"publisher\":{\"@id\":\"https:\/\/velasmasroses.com\/#organization\"},\"potentialAction\":[{\"@type\":\"SearchAction\",\"target\":{\"@type\":\"EntryPoint\",\"urlTemplate\":\"https:\/\/velasmasroses.com\/?s={search_term_string}\"},\"query-input\":{\"@type\":\"PropertyValueSpecification\",\"valueRequired\":true,\"valueName\":\"search_term_string\"}}],\"inLanguage\":\"en-US\"},{\"@type\":\"Organization\",\"@id\":\"https:\/\/velasmasroses.com\/#organization\",\"name\":\"Mas Roses\",\"url\":\"https:\/\/velasmasroses.com\/\",\"logo\":{\"@type\":\"ImageObject\",\"inLanguage\":\"en-US\",\"@id\":\"https:\/\/velasmasroses.com\/#\/schema\/logo\/image\/\",\"url\":\"https:\/\/velasmasroses.com\/wp-content\/uploads\/2024\/12\/logo-masroses.png\",\"contentUrl\":\"https:\/\/velasmasroses.com\/wp-content\/uploads\/2024\/12\/logo-masroses.png\",\"width\":221,\"height\":129,\"caption\":\"Mas Roses\"},\"image\":{\"@id\":\"https:\/\/velasmasroses.com\/#\/schema\/logo\/image\/\"}}]}<\/script>\n<!-- \/ Yoast SEO plugin. -->","yoast_head_json":{"title":"Esfera - Mas Roses","robots":{"index":"index","follow":"follow","max-snippet":"max-snippet:-1","max-image-preview":"max-image-preview:large","max-video-preview":"max-video-preview:-1"},"canonical":"https:\/\/velasmasroses.com\/en\/product\/esfera\/","og_locale":"en_US","og_type":"article","og_title":"Esfera - Mas Roses","og_description":"Esferas ideales para centros de mesa originales. 8 cent\u00edmetros de di\u00e1metro con base de 5 cent\u00edmetros que permite un correcto apoyo. Una vela perfecta para confeccionar todo tipo de centros de mesa. Una vela ideal para combinar con nuestras velas cil\u00edndricas \u00f3 cuadradas y conseguir espectaculares centros de mesa navide\u00f1os. Disponible en una gran gama [&hellip;]","og_url":"https:\/\/velasmasroses.com\/en\/product\/esfera\/","og_site_name":"Mas Roses","article_modified_time":"2025-09-01T11:39:30+00:00","og_image":[{"width":2560,"height":1920,"url":"https:\/\/velasmasroses.com\/wp-content\/uploads\/2025\/06\/TACOS-ONLINE-30-scaled.jpg","type":"image\/jpeg"}],"twitter_card":"summary_large_image","twitter_misc":{"Est. reading time":"2 minutes"},"schema":{"@context":"https:\/\/schema.org","@graph":[{"@type":"WebPage","@id":"https:\/\/velasmasroses.com\/product\/esfera\/","url":"https:\/\/velasmasroses.com\/product\/esfera\/","name":"Esfera - Mas Roses","isPartOf":{"@id":"https:\/\/velasmasroses.com\/#website"},"primaryImageOfPage":{"@id":"https:\/\/velasmasroses.com\/product\/esfera\/#primaryimage"},"image":{"@id":"https:\/\/velasmasroses.com\/product\/esfera\/#primaryimage"},"thumbnailUrl":"https:\/\/velasmasroses.com\/wp-content\/uploads\/2025\/06\/TACOS-ONLINE-30-scaled.jpg","datePublished":"2025-08-24T17:15:54+00:00","dateModified":"2025-09-01T11:39:30+00:00","breadcrumb":{"@id":"https:\/\/velasmasroses.com\/product\/esfera\/#breadcrumb"},"inLanguage":"en-US","potentialAction":[{"@type":"ReadAction","target":["https:\/\/velasmasroses.com\/product\/esfera\/"]}]},{"@type":"ImageObject","inLanguage":"en-US","@id":"https:\/\/velasmasroses.com\/product\/esfera\/#primaryimage","url":"https:\/\/velasmasroses.com\/wp-content\/uploads\/2025\/06\/TACOS-ONLINE-30-scaled.jpg","contentUrl":"https:\/\/velasmasroses.com\/wp-content\/uploads\/2025\/06\/TACOS-ONLINE-30-scaled.jpg","width":2560,"height":1920,"caption":"SAMSUNG CAMERA PICTURES"},{"@type":"BreadcrumbList","@id":"https:\/\/velasmasroses.com\/product\/esfera\/#breadcrumb","itemListElement":[{"@type":"ListItem","position":1,"name":"Portada","item":"https:\/\/velasmasroses.com\/"},{"@type":"ListItem","position":2,"name":"Tienda","item":"https:\/\/velasmasroses.com\/tienda\/"},{"@type":"ListItem","position":3,"name":"Esfera"}]},{"@type":"WebSite","@id":"https:\/\/velasmasroses.com\/#website","url":"https:\/\/velasmasroses.com\/","name":"Mas Roses","description":"Handcrafted Candles","publisher":{"@id":"https:\/\/velasmasroses.com\/#organization"},"potentialAction":[{"@type":"SearchAction","target":{"@type":"EntryPoint","urlTemplate":"https:\/\/velasmasroses.com\/?s={search_term_string}"},"query-input":{"@type":"PropertyValueSpecification","valueRequired":true,"valueName":"search_term_string"}}],"inLanguage":"en-US"},{"@type":"Organization","@id":"https:\/\/velasmasroses.com\/#organization","name":"Mas Roses","url":"https:\/\/velasmasroses.com\/","logo":{"@type":"ImageObject","inLanguage":"en-US","@id":"https:\/\/velasmasroses.com\/#\/schema\/logo\/image\/","url":"https:\/\/velasmasroses.com\/wp-content\/uploads\/2024\/12\/logo-masroses.png","contentUrl":"https:\/\/velasmasroses.com\/wp-content\/uploads\/2024\/12\/logo-masroses.png","width":221,"height":129,"caption":"Mas Roses"},"image":{"@id":"https:\/\/velasmasroses.com\/#\/schema\/logo\/image\/"}}]}},"_links":{"self":[{"href":"https:\/\/velasmasroses.com\/en\/wp-json\/wp\/v2\/product\/1898","targetHints":{"allow":["GET"]}}],"collection":[{"href":"https:\/\/velasmasroses.com\/en\/wp-json\/wp\/v2\/product"}],"about":[{"href":"https:\/\/velasmasroses.com\/en\/wp-json\/wp\/v2\/types\/product"}],"wp:featuredmedia":[{"embeddable":true,"href":"https:\/\/velasmasroses.com\/en\/wp-json\/wp\/v2\/media\/3377"}],"wp:attachment":[{"href":"https:\/\/velasmasroses.com\/en\/wp-json\/wp\/v2\/media?parent=1898"}],"wp:term":[{"taxonomy":"product_brand","embeddable":true,"href":"https:\/\/velasmasroses.com\/en\/wp-json\/wp\/v2\/product_brand?post=1898"},{"taxonomy":"product_cat","embeddable":true,"href":"https:\/\/velasmasroses.com\/en\/wp-json\/wp\/v2\/product_cat?post=1898"},{"taxonomy":"product_tag","embeddable":true,"href":"https:\/\/velasmasroses.com\/en\/wp-json\/wp\/v2\/product_tag?post=1898"}],"curies":[{"name":"wp","href":"https:\/\/api.w.org\/{rel}","templated":true}]}}