{"id":3219,"date":"2025-08-24T19:13:24","date_gmt":"2025-08-24T17:13:24","guid":{"rendered":"https:\/\/velasmasroses.com\/?post_type=product&#038;p=3219"},"modified":"2025-08-25T10:29:45","modified_gmt":"2025-08-25T08:29:45","slug":"vasos-perfumados","status":"publish","type":"product","link":"https:\/\/velasmasroses.com\/en\/product\/vasos-perfumados\/","title":{"rendered":"SCENTED GLASSES"},"content":{"rendered":"<p>Black, white and transparent cups. Filled with special waxes and scented.<\/p>\n<p>Measurements: 7.5 centimeters wide at the mouth of the glass and 6.5 centimeters wide at the base of the glass. Total height of the glass 8.5 centimeters (not including lid).<\/p>\n<p>Capacity of 220 centiliters.<\/p>\n<p>Choice of light or dark wood top 1 cm wide.<\/p>\n<p>A perfect gift for baptisms, communions and weddings. A detail that will please your guests.<\/p>\n<p>A perfect candle for advertising promotion of your company.<\/p>\n<p>We have 10 different fragrances. We offer the option to customize the perfume in special purchases, you can check prices and conditions at compravelas@velasmasroses.com.<\/p>\n<p>&nbsp;<\/p>","protected":false},"excerpt":{"rendered":"<p>Vasos en negro, blanco y transparente. Rellenos con ceras especiales y perfumados. Medidas: 7,5 cent\u00edmetros de anchura en boca del vaso y\u00a0 6,5 cent\u00edmetros de anchura en la base del vaso. Altura total del vaso 8,5 cent\u00edmetros. (sin incluir tapa). Capacidad de 220 centilitros. Opci\u00f3n de tapa de madera clara u oscura de 1 cent\u00edmetro [&hellip;]<\/p>","protected":false},"featured_media":3372,"template":"","meta":[],"product_brand":[],"product_cat":[45],"product_tag":[],"class_list":{"0":"post-3219","1":"product","2":"type-product","3":"status-publish","4":"has-post-thumbnail","6":"product_cat-vasos-perfumados","8":"first","9":"instock","10":"shipping-taxable","11":"purchasable","12":"product-type-variable"},"yoast_head":"<!-- This site is optimized with the Yoast SEO plugin v26.5 - https:\/\/yoast.com\/wordpress\/plugins\/seo\/ -->\n<title>VASOS PERFUMADOS - Mas Roses<\/title>\n<meta name=\"robots\" content=\"index, follow, max-snippet:-1, max-image-preview:large, max-video-preview:-1\" \/>\n<link rel=\"canonical\" href=\"https:\/\/velasmasroses.com\/en\/product\/vasos-perfumados\/\" \/>\n<meta property=\"og:locale\" content=\"en_US\" \/>\n<meta property=\"og:type\" content=\"article\" \/>\n<meta property=\"og:title\" content=\"VASOS PERFUMADOS - Mas Roses\" \/>\n<meta property=\"og:description\" content=\"Vasos en negro, blanco y transparente. Rellenos con ceras especiales y perfumados. Medidas: 7,5 cent\u00edmetros de anchura en boca del vaso y\u00a0 6,5 cent\u00edmetros de anchura en la base del vaso. Altura total del vaso 8,5 cent\u00edmetros. (sin incluir tapa). Capacidad de 220 centilitros. Opci\u00f3n de tapa de madera clara u oscura de 1 cent\u00edmetro [&hellip;]\" \/>\n<meta property=\"og:url\" content=\"https:\/\/velasmasroses.com\/en\/product\/vasos-perfumados\/\" \/>\n<meta property=\"og:site_name\" content=\"Mas Roses\" \/>\n<meta property=\"article:modified_time\" content=\"2025-08-25T08:29:45+00:00\" \/>\n<meta property=\"og:image\" content=\"https:\/\/velasmasroses.com\/wp-content\/uploads\/2025\/07\/DSC_0032-scaled.jpg\" \/>\n\t<meta property=\"og:image:width\" content=\"2560\" \/>\n\t<meta property=\"og:image:height\" content=\"1707\" \/>\n\t<meta property=\"og:image:type\" content=\"image\/jpeg\" \/>\n<meta name=\"twitter:card\" content=\"summary_large_image\" \/>\n<meta name=\"twitter:label1\" content=\"Est. reading time\" \/>\n\t<meta name=\"twitter:data1\" content=\"1 minute\" \/>\n<script type=\"application\/ld+json\" class=\"yoast-schema-graph\">{\"@context\":\"https:\/\/schema.org\",\"@graph\":[{\"@type\":\"WebPage\",\"@id\":\"https:\/\/velasmasroses.com\/product\/vasos-perfumados\/\",\"url\":\"https:\/\/velasmasroses.com\/product\/vasos-perfumados\/\",\"name\":\"VASOS PERFUMADOS - Mas Roses\",\"isPartOf\":{\"@id\":\"https:\/\/velasmasroses.com\/#website\"},\"primaryImageOfPage\":{\"@id\":\"https:\/\/velasmasroses.com\/product\/vasos-perfumados\/#primaryimage\"},\"image\":{\"@id\":\"https:\/\/velasmasroses.com\/product\/vasos-perfumados\/#primaryimage\"},\"thumbnailUrl\":\"https:\/\/velasmasroses.com\/wp-content\/uploads\/2025\/07\/DSC_0032-scaled.jpg\",\"datePublished\":\"2025-08-24T17:13:24+00:00\",\"dateModified\":\"2025-08-25T08:29:45+00:00\",\"breadcrumb\":{\"@id\":\"https:\/\/velasmasroses.com\/product\/vasos-perfumados\/#breadcrumb\"},\"inLanguage\":\"en-US\",\"potentialAction\":[{\"@type\":\"ReadAction\",\"target\":[\"https:\/\/velasmasroses.com\/product\/vasos-perfumados\/\"]}]},{\"@type\":\"ImageObject\",\"inLanguage\":\"en-US\",\"@id\":\"https:\/\/velasmasroses.com\/product\/vasos-perfumados\/#primaryimage\",\"url\":\"https:\/\/velasmasroses.com\/wp-content\/uploads\/2025\/07\/DSC_0032-scaled.jpg\",\"contentUrl\":\"https:\/\/velasmasroses.com\/wp-content\/uploads\/2025\/07\/DSC_0032-scaled.jpg\",\"width\":2560,\"height\":1707},{\"@type\":\"BreadcrumbList\",\"@id\":\"https:\/\/velasmasroses.com\/product\/vasos-perfumados\/#breadcrumb\",\"itemListElement\":[{\"@type\":\"ListItem\",\"position\":1,\"name\":\"Portada\",\"item\":\"https:\/\/velasmasroses.com\/\"},{\"@type\":\"ListItem\",\"position\":2,\"name\":\"Tienda\",\"item\":\"https:\/\/velasmasroses.com\/tienda\/\"},{\"@type\":\"ListItem\",\"position\":3,\"name\":\"VASOS PERFUMADOS\"}]},{\"@type\":\"WebSite\",\"@id\":\"https:\/\/velasmasroses.com\/#website\",\"url\":\"https:\/\/velasmasroses.com\/\",\"name\":\"Mas Roses\",\"description\":\"Velas Artesanales\",\"publisher\":{\"@id\":\"https:\/\/velasmasroses.com\/#organization\"},\"potentialAction\":[{\"@type\":\"SearchAction\",\"target\":{\"@type\":\"EntryPoint\",\"urlTemplate\":\"https:\/\/velasmasroses.com\/?s={search_term_string}\"},\"query-input\":{\"@type\":\"PropertyValueSpecification\",\"valueRequired\":true,\"valueName\":\"search_term_string\"}}],\"inLanguage\":\"en-US\"},{\"@type\":\"Organization\",\"@id\":\"https:\/\/velasmasroses.com\/#organization\",\"name\":\"Mas Roses\",\"url\":\"https:\/\/velasmasroses.com\/\",\"logo\":{\"@type\":\"ImageObject\",\"inLanguage\":\"en-US\",\"@id\":\"https:\/\/velasmasroses.com\/#\/schema\/logo\/image\/\",\"url\":\"https:\/\/velasmasroses.com\/wp-content\/uploads\/2024\/12\/logo-masroses.png\",\"contentUrl\":\"https:\/\/velasmasroses.com\/wp-content\/uploads\/2024\/12\/logo-masroses.png\",\"width\":221,\"height\":129,\"caption\":\"Mas Roses\"},\"image\":{\"@id\":\"https:\/\/velasmasroses.com\/#\/schema\/logo\/image\/\"}}]}<\/script>\n<!-- \/ Yoast SEO plugin. -->","yoast_head_json":{"title":"VASOS PERFUMADOS - Mas Roses","robots":{"index":"index","follow":"follow","max-snippet":"max-snippet:-1","max-image-preview":"max-image-preview:large","max-video-preview":"max-video-preview:-1"},"canonical":"https:\/\/velasmasroses.com\/en\/product\/vasos-perfumados\/","og_locale":"en_US","og_type":"article","og_title":"VASOS PERFUMADOS - Mas Roses","og_description":"Vasos en negro, blanco y transparente. Rellenos con ceras especiales y perfumados. Medidas: 7,5 cent\u00edmetros de anchura en boca del vaso y\u00a0 6,5 cent\u00edmetros de anchura en la base del vaso. Altura total del vaso 8,5 cent\u00edmetros. (sin incluir tapa). Capacidad de 220 centilitros. Opci\u00f3n de tapa de madera clara u oscura de 1 cent\u00edmetro [&hellip;]","og_url":"https:\/\/velasmasroses.com\/en\/product\/vasos-perfumados\/","og_site_name":"Mas Roses","article_modified_time":"2025-08-25T08:29:45+00:00","og_image":[{"width":2560,"height":1707,"url":"https:\/\/velasmasroses.com\/wp-content\/uploads\/2025\/07\/DSC_0032-scaled.jpg","type":"image\/jpeg"}],"twitter_card":"summary_large_image","twitter_misc":{"Est. reading time":"1 minute"},"schema":{"@context":"https:\/\/schema.org","@graph":[{"@type":"WebPage","@id":"https:\/\/velasmasroses.com\/product\/vasos-perfumados\/","url":"https:\/\/velasmasroses.com\/product\/vasos-perfumados\/","name":"VASOS PERFUMADOS - Mas Roses","isPartOf":{"@id":"https:\/\/velasmasroses.com\/#website"},"primaryImageOfPage":{"@id":"https:\/\/velasmasroses.com\/product\/vasos-perfumados\/#primaryimage"},"image":{"@id":"https:\/\/velasmasroses.com\/product\/vasos-perfumados\/#primaryimage"},"thumbnailUrl":"https:\/\/velasmasroses.com\/wp-content\/uploads\/2025\/07\/DSC_0032-scaled.jpg","datePublished":"2025-08-24T17:13:24+00:00","dateModified":"2025-08-25T08:29:45+00:00","breadcrumb":{"@id":"https:\/\/velasmasroses.com\/product\/vasos-perfumados\/#breadcrumb"},"inLanguage":"en-US","potentialAction":[{"@type":"ReadAction","target":["https:\/\/velasmasroses.com\/product\/vasos-perfumados\/"]}]},{"@type":"ImageObject","inLanguage":"en-US","@id":"https:\/\/velasmasroses.com\/product\/vasos-perfumados\/#primaryimage","url":"https:\/\/velasmasroses.com\/wp-content\/uploads\/2025\/07\/DSC_0032-scaled.jpg","contentUrl":"https:\/\/velasmasroses.com\/wp-content\/uploads\/2025\/07\/DSC_0032-scaled.jpg","width":2560,"height":1707},{"@type":"BreadcrumbList","@id":"https:\/\/velasmasroses.com\/product\/vasos-perfumados\/#breadcrumb","itemListElement":[{"@type":"ListItem","position":1,"name":"Portada","item":"https:\/\/velasmasroses.com\/"},{"@type":"ListItem","position":2,"name":"Tienda","item":"https:\/\/velasmasroses.com\/tienda\/"},{"@type":"ListItem","position":3,"name":"VASOS PERFUMADOS"}]},{"@type":"WebSite","@id":"https:\/\/velasmasroses.com\/#website","url":"https:\/\/velasmasroses.com\/","name":"Mas Roses","description":"Handcrafted Candles","publisher":{"@id":"https:\/\/velasmasroses.com\/#organization"},"potentialAction":[{"@type":"SearchAction","target":{"@type":"EntryPoint","urlTemplate":"https:\/\/velasmasroses.com\/?s={search_term_string}"},"query-input":{"@type":"PropertyValueSpecification","valueRequired":true,"valueName":"search_term_string"}}],"inLanguage":"en-US"},{"@type":"Organization","@id":"https:\/\/velasmasroses.com\/#organization","name":"Mas Roses","url":"https:\/\/velasmasroses.com\/","logo":{"@type":"ImageObject","inLanguage":"en-US","@id":"https:\/\/velasmasroses.com\/#\/schema\/logo\/image\/","url":"https:\/\/velasmasroses.com\/wp-content\/uploads\/2024\/12\/logo-masroses.png","contentUrl":"https:\/\/velasmasroses.com\/wp-content\/uploads\/2024\/12\/logo-masroses.png","width":221,"height":129,"caption":"Mas Roses"},"image":{"@id":"https:\/\/velasmasroses.com\/#\/schema\/logo\/image\/"}}]}},"_links":{"self":[{"href":"https:\/\/velasmasroses.com\/en\/wp-json\/wp\/v2\/product\/3219","targetHints":{"allow":["GET"]}}],"collection":[{"href":"https:\/\/velasmasroses.com\/en\/wp-json\/wp\/v2\/product"}],"about":[{"href":"https:\/\/velasmasroses.com\/en\/wp-json\/wp\/v2\/types\/product"}],"wp:featuredmedia":[{"embeddable":true,"href":"https:\/\/velasmasroses.com\/en\/wp-json\/wp\/v2\/media\/3372"}],"wp:attachment":[{"href":"https:\/\/velasmasroses.com\/en\/wp-json\/wp\/v2\/media?parent=3219"}],"wp:term":[{"taxonomy":"product_brand","embeddable":true,"href":"https:\/\/velasmasroses.com\/en\/wp-json\/wp\/v2\/product_brand?post=3219"},{"taxonomy":"product_cat","embeddable":true,"href":"https:\/\/velasmasroses.com\/en\/wp-json\/wp\/v2\/product_cat?post=3219"},{"taxonomy":"product_tag","embeddable":true,"href":"https:\/\/velasmasroses.com\/en\/wp-json\/wp\/v2\/product_tag?post=3219"}],"curies":[{"name":"wp","href":"https:\/\/api.w.org\/{rel}","templated":true}]}}