{"id":3286,"date":"2025-08-25T09:37:41","date_gmt":"2025-08-25T07:37:41","guid":{"rendered":"https:\/\/velasmasroses.com\/?post_type=product&#038;p=3286"},"modified":"2025-09-11T14:29:46","modified_gmt":"2025-09-11T12:29:46","slug":"apostoles","status":"publish","type":"product","link":"https:\/\/velasmasroses.com\/en\/product\/apostoles\/","title":{"rendered":"APOSTOLES"},"content":{"rendered":"<p>Figures of the 12 apostles and Jesus of Nazareth.<\/p>\n<p>Heel of 30 x 7 centimeters high, cream color.<\/p>\n<p>Handmade figures, hand painted and handcrafted.<\/p>\n<p>Ecological cotton wick, without added chemicals, with almost no smoke emission.<\/p>\n<p>Clay base not included.<\/p>\n<p>To order the complete set of 13 figures, please contact us. compravelas@velasmasroses.com<\/p>\n<p>Our candle factory is specialized in the handcrafted elaboration of candles for worship, with works of the highest quality designed to accompany the most special moments.<\/p>\n<p>Our team of craftsmen combines respect for the tradition of religious candles with a modern and careful design. We are always open to the suggestions of our customers and attentive to the needs of the different religious denominations that entrust us with their projects.<\/p>\n<p>We produce candles with one or several wicks, designed not to emit smoke during their combustion in places of worship, thus protecting the cultural treasures preserved there. This is one of the main challenges to which we respond with our religious candles.<\/p>\n<p>From candles for Catholic worship, to those used in the Hebrew rite or in Evangelical and Orthodox Christian churches, we work to satisfy every demand. We have both individual candles such as the Paschal candles, candles with the Star of David or the menorah recently added to our catalog as well as sets of candles representing the twelve apostles and Jesus of Nazareth.<\/p>\n<p>Trust us to study the design of the candles that your religion requires. We put at your disposal the experience and know-how of a candle factory with a long trajectory.<\/p>","protected":false},"excerpt":{"rendered":"<p>Figuras de los 12 ap\u00f3stoles y Jes\u00fas de Nazaret. Taco de 30 x 7 cent\u00edmetros de altura, color crema. Figura hechas a mano, de manera artesanal y pintadas a mano. Mecha ecol\u00f3gica de algod\u00f3n, sin productos qu\u00edmicos a\u00f1adidos, de casi nula emisi\u00f3n de humos. Peana de barro no incluida. Para pedir el juego completo de [&hellip;]<\/p>","protected":false},"featured_media":3371,"template":"","meta":[],"product_brand":[],"product_cat":[44],"product_tag":[],"class_list":{"0":"post-3286","1":"product","2":"type-product","3":"status-publish","4":"has-post-thumbnail","6":"product_cat-liturgicas","8":"first","9":"instock","10":"shipping-taxable","11":"purchasable","12":"product-type-variable"},"yoast_head":"<!-- This site is optimized with the Yoast SEO plugin v26.5 - https:\/\/yoast.com\/wordpress\/plugins\/seo\/ -->\n<title>Cirios y Velas Lit\u00fargicas \u2013 Velas Mas Roses<\/title>\n<meta name=\"description\" content=\"F\u00e1brica de cirios artesanales para culto religioso. Velas de alta calidad, sin humo y personalizadas para distintas confesiones.\" \/>\n<meta name=\"robots\" content=\"index, follow, max-snippet:-1, max-image-preview:large, max-video-preview:-1\" \/>\n<link rel=\"canonical\" href=\"https:\/\/velasmasroses.com\/en\/product\/apostoles\/\" \/>\n<meta property=\"og:locale\" content=\"en_US\" \/>\n<meta property=\"og:type\" content=\"article\" \/>\n<meta property=\"og:title\" content=\"Cirios y Velas Lit\u00fargicas \u2013 Velas Mas Roses\" \/>\n<meta property=\"og:description\" content=\"F\u00e1brica de cirios artesanales para culto religioso. Velas de alta calidad, sin humo y personalizadas para distintas confesiones.\" \/>\n<meta property=\"og:url\" content=\"https:\/\/velasmasroses.com\/en\/product\/apostoles\/\" \/>\n<meta property=\"og:site_name\" content=\"Mas Roses\" \/>\n<meta property=\"article:modified_time\" content=\"2025-09-11T12:29:46+00:00\" \/>\n<meta property=\"og:image\" content=\"https:\/\/velasmasroses.com\/wp-content\/uploads\/2025\/07\/apostol-21.jpg\" \/>\n\t<meta property=\"og:image:width\" content=\"533\" \/>\n\t<meta property=\"og:image:height\" content=\"610\" \/>\n\t<meta property=\"og:image:type\" content=\"image\/jpeg\" \/>\n<meta name=\"twitter:card\" content=\"summary_large_image\" \/>\n<meta name=\"twitter:label1\" content=\"Est. reading time\" \/>\n\t<meta name=\"twitter:data1\" content=\"2 minutes\" \/>\n<script type=\"application\/ld+json\" class=\"yoast-schema-graph\">{\"@context\":\"https:\/\/schema.org\",\"@graph\":[{\"@type\":\"WebPage\",\"@id\":\"https:\/\/velasmasroses.com\/product\/apostoles\/\",\"url\":\"https:\/\/velasmasroses.com\/product\/apostoles\/\",\"name\":\"Cirios y Velas Lit\u00fargicas \u2013 Velas Mas Roses\",\"isPartOf\":{\"@id\":\"https:\/\/velasmasroses.com\/#website\"},\"primaryImageOfPage\":{\"@id\":\"https:\/\/velasmasroses.com\/product\/apostoles\/#primaryimage\"},\"image\":{\"@id\":\"https:\/\/velasmasroses.com\/product\/apostoles\/#primaryimage\"},\"thumbnailUrl\":\"https:\/\/velasmasroses.com\/wp-content\/uploads\/2025\/07\/apostol-21.jpg\",\"datePublished\":\"2025-08-25T07:37:41+00:00\",\"dateModified\":\"2025-09-11T12:29:46+00:00\",\"description\":\"F\u00e1brica de cirios artesanales para culto religioso. Velas de alta calidad, sin humo y personalizadas para distintas confesiones.\",\"breadcrumb\":{\"@id\":\"https:\/\/velasmasroses.com\/product\/apostoles\/#breadcrumb\"},\"inLanguage\":\"en-US\",\"potentialAction\":[{\"@type\":\"ReadAction\",\"target\":[\"https:\/\/velasmasroses.com\/product\/apostoles\/\"]}]},{\"@type\":\"ImageObject\",\"inLanguage\":\"en-US\",\"@id\":\"https:\/\/velasmasroses.com\/product\/apostoles\/#primaryimage\",\"url\":\"https:\/\/velasmasroses.com\/wp-content\/uploads\/2025\/07\/apostol-21.jpg\",\"contentUrl\":\"https:\/\/velasmasroses.com\/wp-content\/uploads\/2025\/07\/apostol-21.jpg\",\"width\":533,\"height\":610},{\"@type\":\"BreadcrumbList\",\"@id\":\"https:\/\/velasmasroses.com\/product\/apostoles\/#breadcrumb\",\"itemListElement\":[{\"@type\":\"ListItem\",\"position\":1,\"name\":\"Portada\",\"item\":\"https:\/\/velasmasroses.com\/\"},{\"@type\":\"ListItem\",\"position\":2,\"name\":\"Tienda\",\"item\":\"https:\/\/velasmasroses.com\/tienda\/\"},{\"@type\":\"ListItem\",\"position\":3,\"name\":\"APOSTOLES\"}]},{\"@type\":\"WebSite\",\"@id\":\"https:\/\/velasmasroses.com\/#website\",\"url\":\"https:\/\/velasmasroses.com\/\",\"name\":\"Mas Roses\",\"description\":\"Velas Artesanales\",\"publisher\":{\"@id\":\"https:\/\/velasmasroses.com\/#organization\"},\"potentialAction\":[{\"@type\":\"SearchAction\",\"target\":{\"@type\":\"EntryPoint\",\"urlTemplate\":\"https:\/\/velasmasroses.com\/?s={search_term_string}\"},\"query-input\":{\"@type\":\"PropertyValueSpecification\",\"valueRequired\":true,\"valueName\":\"search_term_string\"}}],\"inLanguage\":\"en-US\"},{\"@type\":\"Organization\",\"@id\":\"https:\/\/velasmasroses.com\/#organization\",\"name\":\"Mas Roses\",\"url\":\"https:\/\/velasmasroses.com\/\",\"logo\":{\"@type\":\"ImageObject\",\"inLanguage\":\"en-US\",\"@id\":\"https:\/\/velasmasroses.com\/#\/schema\/logo\/image\/\",\"url\":\"https:\/\/velasmasroses.com\/wp-content\/uploads\/2024\/12\/logo-masroses.png\",\"contentUrl\":\"https:\/\/velasmasroses.com\/wp-content\/uploads\/2024\/12\/logo-masroses.png\",\"width\":221,\"height\":129,\"caption\":\"Mas Roses\"},\"image\":{\"@id\":\"https:\/\/velasmasroses.com\/#\/schema\/logo\/image\/\"}}]}<\/script>\n<!-- \/ Yoast SEO plugin. -->","yoast_head_json":{"title":"Cirios y Velas Lit\u00fargicas \u2013 Velas Mas Roses","description":"F\u00e1brica de cirios artesanales para culto religioso. Velas de alta calidad, sin humo y personalizadas para distintas confesiones.","robots":{"index":"index","follow":"follow","max-snippet":"max-snippet:-1","max-image-preview":"max-image-preview:large","max-video-preview":"max-video-preview:-1"},"canonical":"https:\/\/velasmasroses.com\/en\/product\/apostoles\/","og_locale":"en_US","og_type":"article","og_title":"Cirios y Velas Lit\u00fargicas \u2013 Velas Mas Roses","og_description":"F\u00e1brica de cirios artesanales para culto religioso. Velas de alta calidad, sin humo y personalizadas para distintas confesiones.","og_url":"https:\/\/velasmasroses.com\/en\/product\/apostoles\/","og_site_name":"Mas Roses","article_modified_time":"2025-09-11T12:29:46+00:00","og_image":[{"width":533,"height":610,"url":"https:\/\/velasmasroses.com\/wp-content\/uploads\/2025\/07\/apostol-21.jpg","type":"image\/jpeg"}],"twitter_card":"summary_large_image","twitter_misc":{"Est. reading time":"2 minutes"},"schema":{"@context":"https:\/\/schema.org","@graph":[{"@type":"WebPage","@id":"https:\/\/velasmasroses.com\/product\/apostoles\/","url":"https:\/\/velasmasroses.com\/product\/apostoles\/","name":"Cirios y Velas Lit\u00fargicas \u2013 Velas Mas Roses","isPartOf":{"@id":"https:\/\/velasmasroses.com\/#website"},"primaryImageOfPage":{"@id":"https:\/\/velasmasroses.com\/product\/apostoles\/#primaryimage"},"image":{"@id":"https:\/\/velasmasroses.com\/product\/apostoles\/#primaryimage"},"thumbnailUrl":"https:\/\/velasmasroses.com\/wp-content\/uploads\/2025\/07\/apostol-21.jpg","datePublished":"2025-08-25T07:37:41+00:00","dateModified":"2025-09-11T12:29:46+00:00","description":"F\u00e1brica de cirios artesanales para culto religioso. Velas de alta calidad, sin humo y personalizadas para distintas confesiones.","breadcrumb":{"@id":"https:\/\/velasmasroses.com\/product\/apostoles\/#breadcrumb"},"inLanguage":"en-US","potentialAction":[{"@type":"ReadAction","target":["https:\/\/velasmasroses.com\/product\/apostoles\/"]}]},{"@type":"ImageObject","inLanguage":"en-US","@id":"https:\/\/velasmasroses.com\/product\/apostoles\/#primaryimage","url":"https:\/\/velasmasroses.com\/wp-content\/uploads\/2025\/07\/apostol-21.jpg","contentUrl":"https:\/\/velasmasroses.com\/wp-content\/uploads\/2025\/07\/apostol-21.jpg","width":533,"height":610},{"@type":"BreadcrumbList","@id":"https:\/\/velasmasroses.com\/product\/apostoles\/#breadcrumb","itemListElement":[{"@type":"ListItem","position":1,"name":"Portada","item":"https:\/\/velasmasroses.com\/"},{"@type":"ListItem","position":2,"name":"Tienda","item":"https:\/\/velasmasroses.com\/tienda\/"},{"@type":"ListItem","position":3,"name":"APOSTOLES"}]},{"@type":"WebSite","@id":"https:\/\/velasmasroses.com\/#website","url":"https:\/\/velasmasroses.com\/","name":"Mas Roses","description":"Handcrafted Candles","publisher":{"@id":"https:\/\/velasmasroses.com\/#organization"},"potentialAction":[{"@type":"SearchAction","target":{"@type":"EntryPoint","urlTemplate":"https:\/\/velasmasroses.com\/?s={search_term_string}"},"query-input":{"@type":"PropertyValueSpecification","valueRequired":true,"valueName":"search_term_string"}}],"inLanguage":"en-US"},{"@type":"Organization","@id":"https:\/\/velasmasroses.com\/#organization","name":"Mas Roses","url":"https:\/\/velasmasroses.com\/","logo":{"@type":"ImageObject","inLanguage":"en-US","@id":"https:\/\/velasmasroses.com\/#\/schema\/logo\/image\/","url":"https:\/\/velasmasroses.com\/wp-content\/uploads\/2024\/12\/logo-masroses.png","contentUrl":"https:\/\/velasmasroses.com\/wp-content\/uploads\/2024\/12\/logo-masroses.png","width":221,"height":129,"caption":"Mas Roses"},"image":{"@id":"https:\/\/velasmasroses.com\/#\/schema\/logo\/image\/"}}]}},"_links":{"self":[{"href":"https:\/\/velasmasroses.com\/en\/wp-json\/wp\/v2\/product\/3286","targetHints":{"allow":["GET"]}}],"collection":[{"href":"https:\/\/velasmasroses.com\/en\/wp-json\/wp\/v2\/product"}],"about":[{"href":"https:\/\/velasmasroses.com\/en\/wp-json\/wp\/v2\/types\/product"}],"wp:featuredmedia":[{"embeddable":true,"href":"https:\/\/velasmasroses.com\/en\/wp-json\/wp\/v2\/media\/3371"}],"wp:attachment":[{"href":"https:\/\/velasmasroses.com\/en\/wp-json\/wp\/v2\/media?parent=3286"}],"wp:term":[{"taxonomy":"product_brand","embeddable":true,"href":"https:\/\/velasmasroses.com\/en\/wp-json\/wp\/v2\/product_brand?post=3286"},{"taxonomy":"product_cat","embeddable":true,"href":"https:\/\/velasmasroses.com\/en\/wp-json\/wp\/v2\/product_cat?post=3286"},{"taxonomy":"product_tag","embeddable":true,"href":"https:\/\/velasmasroses.com\/en\/wp-json\/wp\/v2\/product_tag?post=3286"}],"curies":[{"name":"wp","href":"https:\/\/api.w.org\/{rel}","templated":true}]}}